{"id":1132,"date":"2025-09-08T22:53:37","date_gmt":"2025-09-08T20:53:37","guid":{"rendered":"https:\/\/martariegoesteticista.com\/\/?page_id=1132"},"modified":"2025-09-08T23:29:40","modified_gmt":"2025-09-08T21:29:40","slug":"texto-informativo-whatsapp-telegram","status":"publish","type":"page","link":"https:\/\/martariegoesteticista.com\/index.php\/texto-informativo-whatsapp-telegram\/","title":{"rendered":"Texto informativo whatsapp &#8211; telegram"},"content":{"rendered":"<div class=\"fusion-fullwidth fullwidth-box fusion-builder-row-1 fusion-flex-container has-pattern-background has-mask-background nonhundred-percent-fullwidth non-hundred-percent-height-scrolling\" style=\"--awb-border-radius-top-left:0px;--awb-border-radius-top-right:0px;--awb-border-radius-bottom-right:0px;--awb-border-radius-bottom-left:0px;--awb-flex-wrap:wrap;\" ><div class=\"fusion-builder-row fusion-row fusion-flex-align-items-flex-start fusion-flex-content-wrap\" style=\"max-width:1185.6px;margin-left: calc(-4% \/ 2 );margin-right: calc(-4% \/ 2 );\"><div class=\"fusion-layout-column fusion_builder_column fusion-builder-column-0 fusion_builder_column_1_1 1_1 fusion-flex-column\" style=\"--awb-bg-size:cover;--awb-width-large:100%;--awb-margin-top-large:0px;--awb-spacing-right-large:1.92%;--awb-margin-bottom-large:0px;--awb-spacing-left-large:1.92%;--awb-width-medium:100%;--awb-order-medium:0;--awb-spacing-right-medium:1.92%;--awb-spacing-left-medium:1.92%;--awb-width-small:100%;--awb-order-small:0;--awb-spacing-right-small:1.92%;--awb-spacing-left-small:1.92%;\"><div class=\"fusion-column-wrapper fusion-column-has-shadow fusion-flex-justify-content-flex-start fusion-content-layout-column\"><div class=\"fusion-text fusion-text-1\"><p>Estimado Usuario,<\/p>\n<p>Antes de comunicarse de forma directa con nuestra entidad, le ofrecemos informaci\u00f3n en materia protecci\u00f3n de datos. Concretamente, de c\u00f3mo trataremos los datos personales que nos facilite a trav\u00e9s de la APP de mensajer\u00eda instant\u00e1nea:<\/p>\n<p><b>INFORMACI\u00d3N SOBRE PROTECCI\u00d3N DE DATOS (LOPD-RGPD)<\/b><br \/><b>Responsable<\/b>: DO\u00d1A MARTA RIEGO ROS\u00d3N &#8211; CIF: 03.115.176-X<br \/><b>Direcci\u00f3n<\/b>: Avenida Madrid 23C, local 6, 19200 Azuqueca de Henares (Guadalajara)<br \/><b>Contacto<\/b>: Tel. 610 34 16 85 &#8211; Email: marta@martariegoesteticista.com<\/p>\n<p><u><b>Finalidad<\/b><\/u>: Resoluci\u00f3n de consultas \u2013 Gesti\u00f3n del sistema de cita previa \u2013 Gesti\u00f3n de la relaci\u00f3n contractual<\/p>\n<p><u><b>Legitimaci\u00f3n<\/b><\/u>: Ejecuci\u00f3n de un contrato o aplicaci\u00f3n de medidas precontractuales (art 6.1.b RGPD) \u2013 Satisfacci\u00f3n de intereses leg\u00edtimos del responsable (art. 6.1.f RGPD: dar respuesta a los mensajes entrantes) \u2013 Consentimiento del interesado (art. 6.1.a RGPD)<\/p>\n<p><u><b>Destinatarios<\/b><\/u>: Con car\u00e1cter general, \u00fanicamente WhatsApp; salvo obligaci\u00f3n legal<\/p>\n<p><u><b>Plazos<\/b><\/u>: Los datos proporcionados se conservar\u00e1n mientras se mantenga la relaci\u00f3n comercial o durante el tiempo necesario para cumplir tanto con las obligaciones legales como con las posibles responsabilidades que se pudieran derivar del tratamiento efectuado <\/p>\n<p>Para conocer informaci\u00f3n adicional y detallada sobre el tratamiento de sus datos puede consultar nuestra Pol\u00edtica de Privacidad. Asimismo, puede ejercitar sus derechos en materia protecci\u00f3n de datos, as\u00ed como solicitar informaci\u00f3n adicional en el correo electr\u00f3nico: marta@martariegoesteticista.com<\/p>\n<\/div><\/div><\/div><\/div><\/div>\n","protected":false},"excerpt":{"rendered":"","protected":false},"author":1,"featured_media":0,"parent":0,"menu_order":0,"comment_status":"closed","ping_status":"closed","template":"","meta":{"footnotes":""},"class_list":["post-1132","page","type-page","status-publish","hentry"],"yoast_head":"<!-- This site is optimized with the Yoast SEO plugin v25.1 - https:\/\/yoast.com\/wordpress\/plugins\/seo\/ -->\n<title>Texto informativo whatsapp - telegram - Marta Riego Esteticista<\/title>\n<meta name=\"robots\" content=\"noindex, follow, max-snippet:-1, max-image-preview:large, max-video-preview:-1\" \/>\n<meta property=\"og:locale\" content=\"es_ES\" \/>\n<meta property=\"og:type\" content=\"article\" \/>\n<meta property=\"og:title\" content=\"Texto informativo whatsapp - telegram - Marta Riego Esteticista\" \/>\n<meta property=\"og:url\" content=\"https:\/\/martariegoesteticista.com\/\/index.php\/texto-informativo-whatsapp-telegram\/\" \/>\n<meta property=\"og:site_name\" content=\"Marta Riego Esteticista\" \/>\n<meta property=\"article:modified_time\" content=\"2025-09-08T21:29:40+00:00\" \/>\n<meta name=\"twitter:card\" content=\"summary_large_image\" \/>\n<script type=\"application\/ld+json\" class=\"yoast-schema-graph\">{\"@context\":\"https:\/\/schema.org\",\"@graph\":[{\"@type\":\"WebPage\",\"@id\":\"https:\/\/martariegoesteticista.com\/\/index.php\/texto-informativo-whatsapp-telegram\/\",\"url\":\"https:\/\/martariegoesteticista.com\/\/index.php\/texto-informativo-whatsapp-telegram\/\",\"name\":\"Texto informativo whatsapp - telegram - Marta Riego Esteticista\",\"isPartOf\":{\"@id\":\"https:\/\/martariegoesteticista.com\/#website\"},\"datePublished\":\"2025-09-08T20:53:37+00:00\",\"dateModified\":\"2025-09-08T21:29:40+00:00\",\"breadcrumb\":{\"@id\":\"https:\/\/martariegoesteticista.com\/\/index.php\/texto-informativo-whatsapp-telegram\/#breadcrumb\"},\"inLanguage\":\"es\",\"potentialAction\":[{\"@type\":\"ReadAction\",\"target\":[\"https:\/\/martariegoesteticista.com\/\/index.php\/texto-informativo-whatsapp-telegram\/\"]}]},{\"@type\":\"BreadcrumbList\",\"@id\":\"https:\/\/martariegoesteticista.com\/\/index.php\/texto-informativo-whatsapp-telegram\/#breadcrumb\",\"itemListElement\":[{\"@type\":\"ListItem\",\"position\":1,\"name\":\"Portada\",\"item\":\"https:\/\/martariegoesteticista.com\/\"},{\"@type\":\"ListItem\",\"position\":2,\"name\":\"Texto informativo whatsapp &#8211; telegram\"}]},{\"@type\":\"WebSite\",\"@id\":\"https:\/\/martariegoesteticista.com\/#website\",\"url\":\"https:\/\/martariegoesteticista.com\/\",\"name\":\"Marta Riego Esteticista\",\"description\":\"Tratamientos de belleza pensados para ti. Descubre el arte de cuidarte.\",\"potentialAction\":[{\"@type\":\"SearchAction\",\"target\":{\"@type\":\"EntryPoint\",\"urlTemplate\":\"https:\/\/martariegoesteticista.com\/?s={search_term_string}\"},\"query-input\":{\"@type\":\"PropertyValueSpecification\",\"valueRequired\":true,\"valueName\":\"search_term_string\"}}],\"inLanguage\":\"es\"}]}<\/script>\n<!-- \/ Yoast SEO plugin. -->","yoast_head_json":{"title":"Texto informativo whatsapp - telegram - Marta Riego Esteticista","robots":{"index":"noindex","follow":"follow","max-snippet":"max-snippet:-1","max-image-preview":"max-image-preview:large","max-video-preview":"max-video-preview:-1"},"og_locale":"es_ES","og_type":"article","og_title":"Texto informativo whatsapp - telegram - Marta Riego Esteticista","og_url":"https:\/\/martariegoesteticista.com\/\/index.php\/texto-informativo-whatsapp-telegram\/","og_site_name":"Marta Riego Esteticista","article_modified_time":"2025-09-08T21:29:40+00:00","twitter_card":"summary_large_image","schema":{"@context":"https:\/\/schema.org","@graph":[{"@type":"WebPage","@id":"https:\/\/martariegoesteticista.com\/\/index.php\/texto-informativo-whatsapp-telegram\/","url":"https:\/\/martariegoesteticista.com\/\/index.php\/texto-informativo-whatsapp-telegram\/","name":"Texto informativo whatsapp - telegram - Marta Riego Esteticista","isPartOf":{"@id":"https:\/\/martariegoesteticista.com\/#website"},"datePublished":"2025-09-08T20:53:37+00:00","dateModified":"2025-09-08T21:29:40+00:00","breadcrumb":{"@id":"https:\/\/martariegoesteticista.com\/\/index.php\/texto-informativo-whatsapp-telegram\/#breadcrumb"},"inLanguage":"es","potentialAction":[{"@type":"ReadAction","target":["https:\/\/martariegoesteticista.com\/\/index.php\/texto-informativo-whatsapp-telegram\/"]}]},{"@type":"BreadcrumbList","@id":"https:\/\/martariegoesteticista.com\/\/index.php\/texto-informativo-whatsapp-telegram\/#breadcrumb","itemListElement":[{"@type":"ListItem","position":1,"name":"Portada","item":"https:\/\/martariegoesteticista.com\/"},{"@type":"ListItem","position":2,"name":"Texto informativo whatsapp &#8211; telegram"}]},{"@type":"WebSite","@id":"https:\/\/martariegoesteticista.com\/#website","url":"https:\/\/martariegoesteticista.com\/","name":"Marta Riego Esteticista","description":"Tratamientos de belleza pensados para ti. Descubre el arte de cuidarte.","potentialAction":[{"@type":"SearchAction","target":{"@type":"EntryPoint","urlTemplate":"https:\/\/martariegoesteticista.com\/?s={search_term_string}"},"query-input":{"@type":"PropertyValueSpecification","valueRequired":true,"valueName":"search_term_string"}}],"inLanguage":"es"}]}},"_links":{"self":[{"href":"https:\/\/martariegoesteticista.com\/index.php\/wp-json\/wp\/v2\/pages\/1132","targetHints":{"allow":["GET"]}}],"collection":[{"href":"https:\/\/martariegoesteticista.com\/index.php\/wp-json\/wp\/v2\/pages"}],"about":[{"href":"https:\/\/martariegoesteticista.com\/index.php\/wp-json\/wp\/v2\/types\/page"}],"author":[{"embeddable":true,"href":"https:\/\/martariegoesteticista.com\/index.php\/wp-json\/wp\/v2\/users\/1"}],"replies":[{"embeddable":true,"href":"https:\/\/martariegoesteticista.com\/index.php\/wp-json\/wp\/v2\/comments?post=1132"}],"version-history":[{"count":2,"href":"https:\/\/martariegoesteticista.com\/index.php\/wp-json\/wp\/v2\/pages\/1132\/revisions"}],"predecessor-version":[{"id":1134,"href":"https:\/\/martariegoesteticista.com\/index.php\/wp-json\/wp\/v2\/pages\/1132\/revisions\/1134"}],"wp:attachment":[{"href":"https:\/\/martariegoesteticista.com\/index.php\/wp-json\/wp\/v2\/media?parent=1132"}],"curies":[{"name":"wp","href":"https:\/\/api.w.org\/{rel}","templated":true}]}}