{"id":1125,"date":"2025-09-08T22:38:45","date_gmt":"2025-09-08T20:38:45","guid":{"rendered":"https:\/\/martariegoesteticista.com\/\/?page_id=1125"},"modified":"2025-09-08T22:44:51","modified_gmt":"2025-09-08T20:44:51","slug":"aviso-legal","status":"publish","type":"page","link":"https:\/\/martariegoesteticista.com\/index.php\/aviso-legal\/","title":{"rendered":"Aviso legal"},"content":{"rendered":"<div class=\"fusion-fullwidth fullwidth-box fusion-builder-row-1 fusion-flex-container has-pattern-background has-mask-background nonhundred-percent-fullwidth non-hundred-percent-height-scrolling\" style=\"--awb-border-radius-top-left:0px;--awb-border-radius-top-right:0px;--awb-border-radius-bottom-right:0px;--awb-border-radius-bottom-left:0px;--awb-flex-wrap:wrap;\" ><div class=\"fusion-builder-row fusion-row fusion-flex-align-items-flex-start fusion-flex-content-wrap\" style=\"max-width:1185.6px;margin-left: calc(-4% \/ 2 );margin-right: calc(-4% \/ 2 );\"><div class=\"fusion-layout-column fusion_builder_column fusion-builder-column-0 fusion_builder_column_1_1 1_1 fusion-flex-column\" style=\"--awb-bg-size:cover;--awb-width-large:100%;--awb-margin-top-large:0px;--awb-spacing-right-large:1.92%;--awb-margin-bottom-large:0px;--awb-spacing-left-large:1.92%;--awb-width-medium:100%;--awb-order-medium:0;--awb-spacing-right-medium:1.92%;--awb-spacing-left-medium:1.92%;--awb-width-small:100%;--awb-order-small:0;--awb-spacing-right-small:1.92%;--awb-spacing-left-small:1.92%;\"><div class=\"fusion-column-wrapper fusion-column-has-shadow fusion-flex-justify-content-flex-start fusion-content-layout-column\"><div class=\"fusion-text fusion-text-1\"><p>En cumplimiento con lo establecido en la Ley 34\/2002 de 11 de Julio, de Servicios de<br \/>la Sociedad de la Informaci\u00f3n y el Comercio Electr\u00f3nico (LSSICE), se informa de los<br \/>siguientes aspectos legales:<\/p>\n<p><b>PROPIEDAD DEL SITIO WEB<\/b><br \/>Responsable: DO\u00d1A MARTA RIEGO ROS\u00d3N<br \/>CIF: 03.115.176-X<br \/>Direcci\u00f3n: Avenida Madrid 23C, local 6, 19200 Azuqueca de Henares<br \/>(Guadalajara)<br \/>Tel\u00e9fono: 610 34 16 85<br \/>Email: marta@martariegoesteticista.com<br \/>Actividad: Est\u00e9tica<\/p>\n<p><b>CONDICIONES GENERALES DE USO<\/b><br \/>El portal web tiene como objeto, en general, facilitar al p\u00fablico el conocimiento de las actividades que esta organizaci\u00f3n realiza y de los servicios que presta; todos ellos tendentes al desarrollo de su actividad.<\/p>\n<p>El uso de cualquiera de las funcionalidades del sitio web implica la expresa y plena aceptaci\u00f3n de todas las condiciones integradas en los textos legales informativos debidamente publicados, sin perjuicio de aquellas particulares que pudieran aplicarse a alguno de los servicios ofrecidos a trav\u00e9s del sitio web y que deber\u00e1n de aceptarse individualmente.<\/p>\n<p>DO\u00d1A MARTA RIEGO ROS\u00d3N se reserva la facultad de efectuar, en cualquier momento y sin necesidad de previo aviso, modificaciones y actualizaciones de la informaci\u00f3n contenida en su web o en la configuraci\u00f3n y presentaci\u00f3n de \u00e9sta.<\/p>\n<p>Con el objeto de mantener actualizada la informaci\u00f3n publicada el portal web, los contenidos podr\u00e1n ser modificados, corregidos, eliminados o a\u00f1adidos en cualquier momento, por lo que ser\u00e1 conveniente comprobar su vigencia o exactitud acudiendo a las fuentes oficiales.<\/p>\n<p><b>PROPIEDAD INTELECTUAL, INDUSTRIAL Y FRAMES<\/b><br \/>Todos los elementos que forman el sitio web, as\u00ed como su estructura, dise\u00f1o, c\u00f3digo fuente, logos, marcas y dem\u00e1s signos distintivos son titularidad de DO\u00d1A MARTA RIEGO ROS\u00d3N o de sus colaboradores y est\u00e1n protegidos por los correspondientes derechos de propiedad intelectual e industrial. Igualmente est\u00e1n amparadas por tales derechos las im\u00e1genes y otros elementos gr\u00e1ficos contenidos en el sitio web.<\/p>\n<p>Se proh\u00edbe expresamente la realizaci\u00f3n de \u00abframing\u00bb o la utilizaci\u00f3n por parte de terceros de cualesquiera otros mecanismos que alteren el dise\u00f1o, configuraci\u00f3n original o contenidos de nuestro sitio web.<\/p>\n<p>El uso de los contenidos deber\u00e1 respetar su licenciamiento particular. De tal modo, su uso, reproducci\u00f3n, distribuci\u00f3n, comunicaci\u00f3n p\u00fablica, transformaci\u00f3n o cualquier otra actividad similar o an\u00e1loga queda totalmente prohibida; salvo que medie previa y expresa autorizaci\u00f3n de DO\u00d1A MARTA RIEGO ROS\u00d3N.<\/p>\n<p>\u00danicamente se autoriza la reproducci\u00f3n total o parcial de los textos y contenidos proporcionados por el sitio web siempre que concurran todas y cada una de las siguientes condiciones: se mantenga la integridad de los contenidos, documentos o gr\u00e1ficos; se cite expresamente a DO\u00d1A MARTA RIEGO ROS\u00d3N como fuente y origen de aquellos; el prop\u00f3sito y la finalidad de tal uso sea compatible con los fines de la web y\/o actividad de DO\u00d1A MARTA RIEGO ROS\u00d3N; y no se pretenda un uso comercial, quedando expresamente prohibidas su distribuci\u00f3n, comunicaci\u00f3n p\u00fablica, transformaci\u00f3n o descompilaci\u00f3n.<\/p>\n<p>Cualquier otro uso habr\u00e1 de ser comunicado y autorizado por DO\u00d1A MARTA RIEGO ROS\u00d3N, previa y expresamente.<\/p>\n<p>Respecto a las citas de productos y servicios de terceros, DO\u00d1A MARTA RIEGO ROS\u00d3N reconoce a favor de sus titulares los correspondientes derechos de propiedad industrial e intelectual, no implicando su sola menci\u00f3n o aparici\u00f3n en la web la existencia de derechos ni de responsabilidad alguna sobre los mismos; como tampoco respaldo, patrocinio o recomendaci\u00f3n. DO\u00d1A MARTA RIEGO ROS\u00d3N declara su respeto a los derechos de propiedad intelectual e industrial de terceros; por ello, si considera que nuestro sitio web pudiera estar violando sus derechos, rogamos se ponga en contacto con DO\u00d1A MARTA RIEGO ROS\u00d3N.<\/p>\n<p><b>RESPONSABILIDAD<\/b><br \/>DO\u00d1A MARTA RIEGO ROS\u00d3N no garantiza la inexistencia de errores en el acceso a la web ni en su contenido; ni en que \u00e9ste se encuentre actualizado, aunque desarrollar\u00e1 sus mejores esfuerzos para, en su caso, evitarlos, subsanarlos o actualizarlos.<\/p>\n<p>Tanto el acceso al sitio web como el uso que pueda hacerse de la informaci\u00f3n contenida en este es de la exclusiva responsabilidad de quien lo realiza.<br \/>DO\u00d1A MARTA RIEGO ROS\u00d3N no se hace responsable de la informaci\u00f3n y contenidos almacenados, a t\u00edtulo enunciativo y no limitativo, en foros, chats, blogs, comentarios, redes sociales o cualesquiera otros medios que permitan a terceros publicar contenidos de forma independiente en la p\u00e1gina web de DO\u00d1A MARTA RIEGO ROS\u00d3N.<\/p>\n<p>No obstante y en cumplimiento de lo dispuesto en la LSSI, DO\u00d1A MARTA RIEGO ROS\u00d3N se pone a disposici\u00f3n de todos los usuarios, autoridades y fuerzas de seguridad, colaborando de forma activa en la retirada o en su caso bloqueo de todos aquellos contenidos que pudieran afectar o contravenir la legislaci\u00f3n nacional o internacional, derechos de terceros o la moral y el orden p\u00fablico. En caso de que el usuario considere que existe en el sitio web alg\u00fan contenido que pudiera ser susceptible de esta clasificaci\u00f3n, rogamos se ponga en contacto con DO\u00d1A MARTA RIEGO ROS\u00d3N.<\/p>\n<p>DO\u00d1A MARTA RIEGO ROS\u00d3N no se responsabiliza de las contestaciones que se realicen a trav\u00e9s de las distintas direcciones de correo electr\u00f3nico que aparecen en su sitio web, por lo que en ning\u00fan caso podr\u00e1 derivarse efecto jur\u00eddico vinculante de las mismas.<\/p>\n<p><b>LINKS O HIPERENLACES<\/b><br \/>Los enlaces contenidos en nuestro sitio web pueden dirigir a contenidos web de terceros. Su objetivo es facilitarle, a trav\u00e9s de Internet, la b\u00fasqueda de recursos que le puedan interesar. No obstante, dichas p\u00e1ginas no pertenecen a DO\u00d1A MARTA RIEGO ROS\u00d3N. Por ello, no hacemos una revisi\u00f3n de sus contenidos y no asumimos ninguna responsabilidad por el contenido, informaciones o servicios que pudieran aparecer en dichos sitios.<\/p>\n<p>Tales enlaces se facilitan exclusivamente con car\u00e1cter informativo y en ning\u00fan caso implican relaci\u00f3n alguna entre DO\u00d1A MARTA RIEGO ROS\u00d3N y las personas o entidades titulares de dichos contenidos, o entre nuestra entidad y los titulares de otros sitios web donde se tambi\u00e9n se faciliten. DO\u00d1A MARTA RIEGO ROS\u00d3N tampoco puede hacerse responsable del funcionamiento de la p\u00e1gina enlazada o de los posibles da\u00f1os que puedan derivarse del acceso o uso de la misma.<\/p>\n<p><b>PROTECCI\u00d3N DE DATOS PERSONALES<\/b><br \/>Los datos personales solicitados para lograr la prestaci\u00f3n de nuestros servicios se incluyen en tratamientos sometidos a lo dispuesto en la Ley Org\u00e1nica 3\/2018, de 5 de diciembre, de Protecci\u00f3n de Datos Personales y garant\u00eda de los derechos digitales (LOPD-gdd) y en el Reglamento (UE) 2016\/679 del Parlamento Europeo y del Consejo, de 27 de abril de 2016, relativo a la protecci\u00f3n de las personas f\u00edsicas en lo que respecta al tratamiento de datos personales y a la libre circulaci\u00f3n de estos datos (RGPD).<\/p>\n<p>La recogida y tratamiento de dichos datos se lleva a cabo por DO\u00d1A MARTA RIEGO ROS\u00d3N y tiene por finalidad la gesti\u00f3n, prestaci\u00f3n, ampliaci\u00f3n y mejora de los servicios solicitados en cada momento por el usuario, el seguimiento de consultas, participaci\u00f3n en procesos de selecci\u00f3n de personal, comunicaciones electr\u00f3nicas y\/o la confecci\u00f3n de estad\u00edsticas.<\/p>\n<p>Los servicios prestados por DO\u00d1A MARTA RIEGO ROS\u00d3N est\u00e1n dirigidos a mayores de edad. En el supuesto excepcional de que se desarrollara alg\u00fan servicio dirigido espec\u00edficamente a menores de edad, DO\u00d1A MARTA RIEGO ROS\u00d3N solicitar\u00e1 la conformidad de los padres o tutores para la recogida de los datos personales o, en su caso, para el tratamiento de los mismos.<\/p>\n<p>DO\u00d1A MARTA RIEGO ROS\u00d3N se compromete al cumplimiento de su obligaci\u00f3n de secreto con respecto a los datos de car\u00e1cter personal suministrados y al deber de tratarlos con confidencialidad y reserva, conforme a la legislaci\u00f3n vigente. A estos efectos adoptar\u00e1 las medidas necesarias para evitar su alteraci\u00f3n, p\u00e9rdida, tratamiento o acceso no autorizado.<\/p>\n<p><b>DERECHOS DE LOS INTERESADOS<\/b><br \/>La normativa vigente de protecci\u00f3n de datos le ampara en una serie de derechos en relaci\u00f3n al uso que le damos a sus datos. Todos y cada uno de sus derechos son unipersonales e intransferibles, es decir, que \u00fanicamente pueden ser realizados por el titular de los datos, previa comprobaci\u00f3n de su identidad.<\/p>\n<p>A continuaci\u00f3n, te indicamos cuales son los derechos que le asisten:<br \/>&#8211; Solicitar el acceso a sus datos personales.<br \/>&#8211; Solicitar la rectificaci\u00f3n de sus datos.<br \/>&#8211; Solicitar la supresi\u00f3n o eliminaci\u00f3n de sus datos (derecho al \u00abolvido\u00bb).<br \/>&#8211; Limitar u oponerte al uso que le damos a sus datos.<br \/>&#8211; Derecho a la portabilidad de sus datos para casos de servicios de telecomunicaciones o internet.<br \/>&#8211; Derecho a retirar su consentimiento en cualquier momento.<br \/>&#8211; Derecho a no ser objeto de decisiones individuales automatizadas.<br \/>&#8211; Derecho a presentar una reclamaci\u00f3n en materia de protecci\u00f3n de datos ante la autoridad de control (Agencia Espa\u00f1ola de Protecci\u00f3n de Datos)<\/p>\n<p>\u00bfC\u00f3mo puede ejercer sus derechos en relaci\u00f3n a sus datos?<br \/>Puede ejercer sus derechos contactando con la persona o entidad designada a tales efectos, cuyos datos le son facilitados a continuaci\u00f3n:<br \/>Responsable: DO\u00d1A MARTA RIEGO ROS\u00d3N<br \/>Direcci\u00f3n: Avenida Madrid 23C, local 6, 19200 Azuqueca de Henares (Guadalajara)<br \/>Tel\u00e9fono: 610 34 16 85<br \/>E-mail: marta@martariegoesteticista.com<\/p>\n<p>\u00bfC\u00f3mo puede presentar una reclamaci\u00f3n?<br \/>Adem\u00e1s de los derechos que le asisten, si cree que sus datos no se est\u00e1n recabando o tratando conforme a la normativa vigente de protecci\u00f3n de datos o si considera que no ha obtenido satisfacci\u00f3n plena en el ejercicio de sus derechos, usted podr\u00e1 realizar una reclamaci\u00f3n ante la autoridad nacional de control, dirigi\u00e9ndose a estos efectos a la Agencia Espa\u00f1ola de Protecci\u00f3n de Datos, cuyos datos de contacto indicamos a continuaci\u00f3n:<br \/>C\/ Jorge Juan, 6 \u2013 28001 Madrid | https:\/\/www.aepd.com\/es | dpd@agpd.com<br \/>Tel. 901100099 \u2013 912663517<\/p>\n<p><b>LEY APLICABLE Y JURISDICI\u00d3N<\/b><br \/>La ley aplicable en caso de disputa o conflicto de interpretaci\u00f3n de los t\u00e9rminos que conforman este Aviso Legal, as\u00ed como cualquier cuesti\u00f3n relacionada con los servicios del presente Portal, ser\u00e1 la ley espa\u00f1ola. Para la resoluci\u00f3n de cualquier conflicto que pueda surgir con ocasi\u00f3n de la visita al<br \/>sitio web o del uso de los servicios que en \u00e9l se puedan ofertar, DO\u00d1A MARTA RIEGO ROS\u00d3N y el Usuario acuerdan someterse a los Jueces y Tribunales de domicilio del Usuario, siempre que el mismo est\u00e9 situado en territorio espa\u00f1ol y act\u00fae en condici\u00f3n de consumidor. En caso contrario, la sumisi\u00f3n ser\u00e1 a los Juzgados y Tribunales de Guadalajara, Espa\u00f1a.<\/p>\n<p>El presente Aviso Legal ha sido actualizado por \u00faltima vez el 1 de septiembre de 2025.<\/p>\n<\/div><\/div><\/div><\/div><\/div>\n","protected":false},"excerpt":{"rendered":"","protected":false},"author":1,"featured_media":0,"parent":0,"menu_order":0,"comment_status":"closed","ping_status":"closed","template":"","meta":{"footnotes":""},"class_list":["post-1125","page","type-page","status-publish","hentry"],"yoast_head":"<!-- This site is optimized with the Yoast SEO plugin v25.1 - https:\/\/yoast.com\/wordpress\/plugins\/seo\/ -->\n<title>Aviso legal - Marta Riego Esteticista<\/title>\n<meta name=\"robots\" content=\"noindex, follow, max-snippet:-1, max-image-preview:large, max-video-preview:-1\" \/>\n<meta property=\"og:locale\" content=\"es_ES\" \/>\n<meta property=\"og:type\" content=\"article\" \/>\n<meta property=\"og:title\" content=\"Aviso legal - Marta Riego Esteticista\" \/>\n<meta property=\"og:url\" content=\"https:\/\/martariegoesteticista.com\/\/index.php\/aviso-legal\/\" \/>\n<meta property=\"og:site_name\" content=\"Marta Riego Esteticista\" \/>\n<meta property=\"article:modified_time\" content=\"2025-09-08T20:44:51+00:00\" \/>\n<meta name=\"twitter:card\" content=\"summary_large_image\" \/>\n<script type=\"application\/ld+json\" class=\"yoast-schema-graph\">{\"@context\":\"https:\/\/schema.org\",\"@graph\":[{\"@type\":\"WebPage\",\"@id\":\"https:\/\/martariegoesteticista.com\/\/index.php\/aviso-legal\/\",\"url\":\"https:\/\/martariegoesteticista.com\/\/index.php\/aviso-legal\/\",\"name\":\"Aviso legal - Marta Riego Esteticista\",\"isPartOf\":{\"@id\":\"https:\/\/martariegoesteticista.com\/#website\"},\"datePublished\":\"2025-09-08T20:38:45+00:00\",\"dateModified\":\"2025-09-08T20:44:51+00:00\",\"breadcrumb\":{\"@id\":\"https:\/\/martariegoesteticista.com\/\/index.php\/aviso-legal\/#breadcrumb\"},\"inLanguage\":\"es\",\"potentialAction\":[{\"@type\":\"ReadAction\",\"target\":[\"https:\/\/martariegoesteticista.com\/\/index.php\/aviso-legal\/\"]}]},{\"@type\":\"BreadcrumbList\",\"@id\":\"https:\/\/martariegoesteticista.com\/\/index.php\/aviso-legal\/#breadcrumb\",\"itemListElement\":[{\"@type\":\"ListItem\",\"position\":1,\"name\":\"Portada\",\"item\":\"https:\/\/martariegoesteticista.com\/\"},{\"@type\":\"ListItem\",\"position\":2,\"name\":\"Aviso legal\"}]},{\"@type\":\"WebSite\",\"@id\":\"https:\/\/martariegoesteticista.com\/#website\",\"url\":\"https:\/\/martariegoesteticista.com\/\",\"name\":\"Marta Riego Esteticista\",\"description\":\"Tratamientos de belleza pensados para ti. Descubre el arte de cuidarte.\",\"potentialAction\":[{\"@type\":\"SearchAction\",\"target\":{\"@type\":\"EntryPoint\",\"urlTemplate\":\"https:\/\/martariegoesteticista.com\/?s={search_term_string}\"},\"query-input\":{\"@type\":\"PropertyValueSpecification\",\"valueRequired\":true,\"valueName\":\"search_term_string\"}}],\"inLanguage\":\"es\"}]}<\/script>\n<!-- \/ Yoast SEO plugin. -->","yoast_head_json":{"title":"Aviso legal - Marta Riego Esteticista","robots":{"index":"noindex","follow":"follow","max-snippet":"max-snippet:-1","max-image-preview":"max-image-preview:large","max-video-preview":"max-video-preview:-1"},"og_locale":"es_ES","og_type":"article","og_title":"Aviso legal - Marta Riego Esteticista","og_url":"https:\/\/martariegoesteticista.com\/\/index.php\/aviso-legal\/","og_site_name":"Marta Riego Esteticista","article_modified_time":"2025-09-08T20:44:51+00:00","twitter_card":"summary_large_image","schema":{"@context":"https:\/\/schema.org","@graph":[{"@type":"WebPage","@id":"https:\/\/martariegoesteticista.com\/\/index.php\/aviso-legal\/","url":"https:\/\/martariegoesteticista.com\/\/index.php\/aviso-legal\/","name":"Aviso legal - Marta Riego Esteticista","isPartOf":{"@id":"https:\/\/martariegoesteticista.com\/#website"},"datePublished":"2025-09-08T20:38:45+00:00","dateModified":"2025-09-08T20:44:51+00:00","breadcrumb":{"@id":"https:\/\/martariegoesteticista.com\/\/index.php\/aviso-legal\/#breadcrumb"},"inLanguage":"es","potentialAction":[{"@type":"ReadAction","target":["https:\/\/martariegoesteticista.com\/\/index.php\/aviso-legal\/"]}]},{"@type":"BreadcrumbList","@id":"https:\/\/martariegoesteticista.com\/\/index.php\/aviso-legal\/#breadcrumb","itemListElement":[{"@type":"ListItem","position":1,"name":"Portada","item":"https:\/\/martariegoesteticista.com\/"},{"@type":"ListItem","position":2,"name":"Aviso legal"}]},{"@type":"WebSite","@id":"https:\/\/martariegoesteticista.com\/#website","url":"https:\/\/martariegoesteticista.com\/","name":"Marta Riego Esteticista","description":"Tratamientos de belleza pensados para ti. Descubre el arte de cuidarte.","potentialAction":[{"@type":"SearchAction","target":{"@type":"EntryPoint","urlTemplate":"https:\/\/martariegoesteticista.com\/?s={search_term_string}"},"query-input":{"@type":"PropertyValueSpecification","valueRequired":true,"valueName":"search_term_string"}}],"inLanguage":"es"}]}},"_links":{"self":[{"href":"https:\/\/martariegoesteticista.com\/index.php\/wp-json\/wp\/v2\/pages\/1125","targetHints":{"allow":["GET"]}}],"collection":[{"href":"https:\/\/martariegoesteticista.com\/index.php\/wp-json\/wp\/v2\/pages"}],"about":[{"href":"https:\/\/martariegoesteticista.com\/index.php\/wp-json\/wp\/v2\/types\/page"}],"author":[{"embeddable":true,"href":"https:\/\/martariegoesteticista.com\/index.php\/wp-json\/wp\/v2\/users\/1"}],"replies":[{"embeddable":true,"href":"https:\/\/martariegoesteticista.com\/index.php\/wp-json\/wp\/v2\/comments?post=1125"}],"version-history":[{"count":2,"href":"https:\/\/martariegoesteticista.com\/index.php\/wp-json\/wp\/v2\/pages\/1125\/revisions"}],"predecessor-version":[{"id":1127,"href":"https:\/\/martariegoesteticista.com\/index.php\/wp-json\/wp\/v2\/pages\/1125\/revisions\/1127"}],"wp:attachment":[{"href":"https:\/\/martariegoesteticista.com\/index.php\/wp-json\/wp\/v2\/media?parent=1125"}],"curies":[{"name":"wp","href":"https:\/\/api.w.org\/{rel}","templated":true}]}}